{"id":2396,"date":"2025-07-15T13:39:49","date_gmt":"2025-07-15T13:39:49","guid":{"rendered":"https:\/\/aegeas.edu.gr\/?page_id=2396"},"modified":"2025-09-09T10:53:51","modified_gmt":"2025-09-09T10:53:51","slug":"cultural-heritage","status":"publish","type":"page","link":"https:\/\/aegeas.edu.gr\/en\/cultural-heritage\/","title":{"rendered":"Cultural Heritage project"},"content":{"rendered":"<div data-elementor-type=\"wp-page\" data-elementor-id=\"2396\" class=\"elementor elementor-2396\">\n\t\t\t\t<div class=\"elementor-element elementor-element-92ee650 e-flex e-con-boxed e-con e-parent\" data-id=\"92ee650\" data-element_type=\"container\" data-e-type=\"container\" data-settings=\"{&quot;background_background&quot;:&quot;classic&quot;}\">\n\t\t\t\t\t<div class=\"e-con-inner\">\n\t\t<div class=\"elementor-element elementor-element-b1a3f43 e-con-full e-flex e-con e-child\" data-id=\"b1a3f43\" data-element_type=\"container\" data-e-type=\"container\">\n\t\t\t\t<div class=\"elementor-element elementor-element-9cac245 elementor-widget elementor-widget-heading\" data-id=\"9cac245\" data-element_type=\"widget\" data-e-type=\"widget\" data-widget_type=\"heading.default\">\n\t\t\t\t<div class=\"elementor-widget-container\">\n\t\t\t\t\t<h1 class=\"elementor-heading-title elementor-size-default\"><br>PROJECT ANALYSIS<\/h1>\t\t\t\t<\/div>\n\t\t\t\t<\/div>\n\t\t\t\t<\/div>\n\t\t\t\t\t<\/div>\n\t\t\t\t<\/div>\n\t\t<div class=\"elementor-element elementor-element-dd22044 e-flex e-con-boxed e-con e-parent\" data-id=\"dd22044\" data-element_type=\"container\" data-e-type=\"container\" data-settings=\"{&quot;background_background&quot;:&quot;gradient&quot;}\">\n\t\t\t\t\t<div class=\"e-con-inner\">\n\t\t<div class=\"elementor-element elementor-element-52c2829 e-con-full e-flex e-con e-child\" data-id=\"52c2829\" data-element_type=\"container\" data-e-type=\"container\" data-settings=\"{&quot;background_background&quot;:&quot;classic&quot;}\">\n\t\t\t\t<div class=\"elementor-element elementor-element-9f121c6 elementor-widget elementor-widget-image\" data-id=\"9f121c6\" data-element_type=\"widget\" data-e-type=\"widget\" data-widget_type=\"image.default\">\n\t\t\t\t<div class=\"elementor-widget-container\">\n\t\t\t\t\t\t\t\t\t\t\t\t\t\t\t<img fetchpriority=\"high\" decoding=\"async\" width=\"768\" height=\"158\" src=\"https:\/\/aegeas.edu.gr\/wp-content\/uploads\/2025\/09\/European-Union-Logo-EN-scaled.jpg\" class=\"attachment-medium_large size-medium_large wp-image-3890\" alt=\"european union logo gr\" srcset=\"https:\/\/aegeas.edu.gr\/wp-content\/uploads\/2025\/09\/European-Union-Logo-EN-scaled.jpg 2560w, https:\/\/aegeas.edu.gr\/wp-content\/uploads\/2025\/09\/European-Union-Logo-EN-300x62.jpg 300w, https:\/\/aegeas.edu.gr\/wp-content\/uploads\/2025\/09\/European-Union-Logo-EN-1024x210.jpg 1024w, https:\/\/aegeas.edu.gr\/wp-content\/uploads\/2025\/09\/European-Union-Logo-EN-768x158.jpg 768w, https:\/\/aegeas.edu.gr\/wp-content\/uploads\/2025\/09\/European-Union-Logo-EN-1536x315.jpg 1536w, https:\/\/aegeas.edu.gr\/wp-content\/uploads\/2025\/09\/European-Union-Logo-EN-2048x420.jpg 2048w, https:\/\/aegeas.edu.gr\/wp-content\/uploads\/2025\/09\/European-Union-Logo-EN-18x4.jpg 18w\" sizes=\"(max-width: 768px) 100vw, 768px\" title=\"Cultural Heritage project\">\t\t\t\t\t\t\t\t\t\t\t\t\t\t\t<\/div>\n\t\t\t\t<\/div>\n\t\t\t\t<\/div>\n\t\t\t\t\t<\/div>\n\t\t\t\t<\/div>\n\t\t<div class=\"elementor-element elementor-element-4478984 e-flex e-con-boxed e-con e-parent\" data-id=\"4478984\" data-element_type=\"container\" data-e-type=\"container\" data-settings=\"{&quot;background_background&quot;:&quot;classic&quot;}\">\n\t\t\t\t\t<div class=\"e-con-inner\">\n\t\t<div class=\"elementor-element elementor-element-eb08d4a e-con-full e-flex elementor-invisible e-con e-child\" data-id=\"eb08d4a\" data-element_type=\"container\" data-e-type=\"container\" data-settings=\"{&quot;shape_divider_top&quot;:&quot;clouds&quot;,&quot;shape_divider_bottom&quot;:&quot;clouds&quot;,&quot;animation&quot;:&quot;swing&quot;}\">\n\t\t\t\t<div class=\"elementor-shape elementor-shape-top\" aria-hidden=\"true\" data-negative=\"false\">\n\t\t\t<svg xmlns=\"http:\/\/www.w3.org\/2000\/svg\" viewbox=\"0 0 283.5 27.8\" preserveaspectratio=\"xMidYMax slice\">\n  <path class=\"elementor-shape-fill\" d=\"M0 0v6.7c1.9-.8 4.7-1.4 8.5-1 9.5 1.1 11.1 6 11.1 6s2.1-.7 4.3-.2c2.1.5 2.8 2.6 2.8 2.6s.2-.5 1.4-.7c1.2-.2 1.7.2 1.7.2s0-2.1 1.9-2.8c1.9-.7 3.6.7 3.6.7s.7-2.9 3.1-4.1 4.7 0 4.7 0 1.2-.5 2.4 0 1.7 1.4 1.7 1.4h1.4c.7 0 1.2.7 1.2.7s.8-1.8 4-2.2c3.5-.4 5.3 2.4 6.2 4.4.4-.4 1-.7 1.8-.9 2.8-.7 4 .7 4 .7s1.7-5 11.1-6c9.5-1.1 12.3 3.9 12.3 3.9s1.2-4.8 5.7-5.7c4.5-.9 6.8 1.8 6.8 1.8s.6-.6 1.5-.9c.9-.2 1.9-.2 1.9-.2s5.2-6.4 12.6-3.3c7.3 3.1 4.7 9 4.7 9s1.9-.9 4 0 2.8 2.4 2.8 2.4 1.9-1.2 4.5-1.2 4.3 1.2 4.3 1.2.2-1 1.4-1.7 2.1-.7 2.1-.7-.5-3.1 2.1-5.5 5.7-1.4 5.7-1.4 1.5-2.3 4.2-1.1c2.7 1.2 1.7 5.2 1.7 5.2s.3-.1 1.3.5c.5.4.8.8.9 1.1.5-1.4 2.4-5.8 8.4-4 7.1 2.1 3.5 8.9 3.5 8.9s.8-.4 2 0 1.1 1.1 1.1 1.1 1.1-1.1 2.3-1.1 2.1.5 2.1.5 1.9-3.6 6.2-1.2 1.9 6.4 1.9 6.4 2.6-2.4 7.4 0c3.4 1.7 3.9 4.9 3.9 4.9s3.3-6.9 10.4-7.9 11.5 2.6 11.5 2.6.8 0 1.2.2c.4.2.9.9.9.9s4.4-3.1 8.3.2c1.9 1.7 1.5 5 1.5 5s.3-1.1 1.6-1.4c1.3-.3 2.3.2 2.3.2s-.1-1.2.5-1.9 1.9-.9 1.9-.9-4.7-9.3 4.4-13.4c5.6-2.5 9.2.9 9.2.9s5-6.2 15.9-6.2 16.1 8.1 16.1 8.1.7-.2 1.6-.4V0H0z\"\/>\n<\/svg>\n\t\t<\/div>\n\t\t\t\t<div class=\"elementor-shape elementor-shape-bottom\" aria-hidden=\"true\" data-negative=\"false\">\n\t\t\t<svg xmlns=\"http:\/\/www.w3.org\/2000\/svg\" viewbox=\"0 0 283.5 27.8\" preserveaspectratio=\"xMidYMax slice\">\n  <path class=\"elementor-shape-fill\" d=\"M0 0v6.7c1.9-.8 4.7-1.4 8.5-1 9.5 1.1 11.1 6 11.1 6s2.1-.7 4.3-.2c2.1.5 2.8 2.6 2.8 2.6s.2-.5 1.4-.7c1.2-.2 1.7.2 1.7.2s0-2.1 1.9-2.8c1.9-.7 3.6.7 3.6.7s.7-2.9 3.1-4.1 4.7 0 4.7 0 1.2-.5 2.4 0 1.7 1.4 1.7 1.4h1.4c.7 0 1.2.7 1.2.7s.8-1.8 4-2.2c3.5-.4 5.3 2.4 6.2 4.4.4-.4 1-.7 1.8-.9 2.8-.7 4 .7 4 .7s1.7-5 11.1-6c9.5-1.1 12.3 3.9 12.3 3.9s1.2-4.8 5.7-5.7c4.5-.9 6.8 1.8 6.8 1.8s.6-.6 1.5-.9c.9-.2 1.9-.2 1.9-.2s5.2-6.4 12.6-3.3c7.3 3.1 4.7 9 4.7 9s1.9-.9 4 0 2.8 2.4 2.8 2.4 1.9-1.2 4.5-1.2 4.3 1.2 4.3 1.2.2-1 1.4-1.7 2.1-.7 2.1-.7-.5-3.1 2.1-5.5 5.7-1.4 5.7-1.4 1.5-2.3 4.2-1.1c2.7 1.2 1.7 5.2 1.7 5.2s.3-.1 1.3.5c.5.4.8.8.9 1.1.5-1.4 2.4-5.8 8.4-4 7.1 2.1 3.5 8.9 3.5 8.9s.8-.4 2 0 1.1 1.1 1.1 1.1 1.1-1.1 2.3-1.1 2.1.5 2.1.5 1.9-3.6 6.2-1.2 1.9 6.4 1.9 6.4 2.6-2.4 7.4 0c3.4 1.7 3.9 4.9 3.9 4.9s3.3-6.9 10.4-7.9 11.5 2.6 11.5 2.6.8 0 1.2.2c.4.2.9.9.9.9s4.4-3.1 8.3.2c1.9 1.7 1.5 5 1.5 5s.3-1.1 1.6-1.4c1.3-.3 2.3.2 2.3.2s-.1-1.2.5-1.9 1.9-.9 1.9-.9-4.7-9.3 4.4-13.4c5.6-2.5 9.2.9 9.2.9s5-6.2 15.9-6.2 16.1 8.1 16.1 8.1.7-.2 1.6-.4V0H0z\"\/>\n<\/svg>\n\t\t<\/div>\n\t\t\t\t<div class=\"elementor-element elementor-element-c574ac1 elementor-widget elementor-widget-text-editor\" data-id=\"c574ac1\" data-element_type=\"widget\" data-e-type=\"widget\" data-widget_type=\"text-editor.default\">\n\t\t\t\t<div class=\"elementor-widget-container\">\n\t\t\t\t\t\t\t\t\t<div style=\"font-family: Arial, sans-serif; font-size: 20px; line-height: 1.6; color: #333; max-width: 800px; margin: 20px auto; padding: 15px; background-color: #f9f9f9; border-radius: 8px; box-shadow: 0 2px 4px rgba(0,0,0,0.1);\"><h2 style=\"font-size: 28px; color: #d32f2f; margin-bottom: 20px; text-align: center;\">Project \u201cSTRATEGIES FOR INNOVATIVE EDUCATION OF THE EUROPEAN CULTURAL HERITAGE\u201d<\/h2><div style=\"font-family: Arial, sans-serif; font-size: 16px; line-height: 1.5; color: #333; max-width: 800px; margin: 20px auto; padding: 15px; background-color: #f1f1f1; border-radius: 8px; box-shadow: 0 2px 4px rgba(0,0,0,0.1);\"><h3 style=\"font-size: 20px; color: #d32f2f; margin-bottom: 15px; text-align: center;\">Project Details<\/h3><table style=\"width: 100%; border-collapse: collapse;\"><tbody><tr><td style=\"font-weight: bold; width: 200px; padding: 5px;\">Project Coordinator<\/td><td style=\"padding: 5px;\">Provincial Council of Palencia (Spain)<\/td><\/tr><tr><td style=\"font-weight: bold; padding: 5px;\">Project Reference<\/td><td style=\"padding: 5px;\">2016-1-ES01-KA201-025378<\/td><\/tr><tr><td style=\"font-weight: bold; padding: 5px;\">Start Date<\/td><td style=\"padding: 5px;\">3 October 2016<\/td><\/tr><tr><td style=\"font-weight: bold; padding: 5px;\">End Date<\/td><td style=\"padding: 5px;\">2 October 2018<\/td><\/tr><tr><td style=\"font-weight: bold; padding: 5px;\">Partners<\/td><td style=\"padding: 5px;\" class=\"translation-block\">ADESPER - Agrupaci\u00f3n para el Desarrollo Sostenible y la Promoci\u00f3n del Empleo Rural (ES), AEGEAS EKPAIDEFTIKI (EL), Agroinstitut Nitra, statny podnik (SK), CoraNE - Associa\u00e7\u00e3o de Desenvolvimento dos Concelhos da Raia Nordestina (PT), SERVIMA, servicios ambientales y recursos educativos S.L. (ES)<\/td><\/tr><tr><td style=\"font-weight: bold; padding: 5px;\">Topics<\/td><td style=\"padding: 5px;\">New innovative educational methods and training development; Strategies for innovation and exchange of good practices<\/td><\/tr><\/tbody><\/table><\/div><p class=\"translation-block\">The <strong>\u201cLIVING HERITAGE: strategies for innovative education of the European Cultural Heritage\u201d<\/strong> project was a transnational ERASMUS+ initiative, coordinated by <em>Diputacion Provincial de Palencia<\/em> (Spain), with participation from organizations from various EU countries.<\/p><p>The project aimed to examine to what extent cultural heritage is taught within primary and secondary education systems at local and regional levels, and to identify the best approach for students and young people to learn about the cultural heritage of their area.<\/p><p>Well-documented examples from participating countries concerning successes and failures in engaging youth with their cultural heritage were analyzed.<\/p><\/div>\t\t\t\t\t\t\t\t<\/div>\n\t\t\t\t<\/div>\n\t\t\t\t<div class=\"elementor-element elementor-element-0470af5 elementor-widget elementor-widget-button\" data-id=\"0470af5\" data-element_type=\"widget\" data-e-type=\"widget\" data-widget_type=\"button.default\">\n\t\t\t\t<div class=\"elementor-widget-container\">\n\t\t\t\t\t\t\t\t\t<div class=\"elementor-button-wrapper\">\n\t\t\t\t\t<a class=\"elementor-button elementor-button-link elementor-size-sm\" href=\"https:\/\/aegeas.edu.gr\/en\/projects\/\">\n\t\t\t\t\t\t<span class=\"elementor-button-content-wrapper\">\n\t\t\t\t\t\t\t\t\t<span class=\"elementor-button-text\">Projects<\/span>\n\t\t\t\t\t<\/span>\n\t\t\t\t\t<\/a>\n\t\t\t\t<\/div>\n\t\t\t\t\t\t\t\t<\/div>\n\t\t\t\t<\/div>\n\t\t\t\t<\/div>\n\t\t\t\t\t<\/div>\n\t\t\t\t<\/div>\n\t\t\t\t<\/div>","protected":false},"excerpt":{"rendered":"<p>\u0391\u039d\u0391\u039b\u03a5\u03a3\u0397 \u03a0\u03a1\u039f\u0393\u03a1\u0391\u039c\u039c\u0391\u03a4\u039f\u03a3 \u03a0\u03c1\u03cc\u03b3\u03c1\u03b1\u03bc\u03bc\u03b1 &#8220;STRATEGIES FOR INNOVATIVE EDUCATION OF THE EUROPEAN CULTURAL HERITAGE&#8221; \u03a0\u03bb\u03b7\u03c1\u03bf\u03c6\u03bf\u03c1\u03af\u03b5\u03c2 \u0388\u03c1\u03b3\u03bf\u03c5 \u03a3\u03c5\u03bd\u03c4\u03bf\u03bd\u03b9\u03c3\u03c4\u03ae\u03c2 \u0388\u03c1\u03b3\u03bf\u03c5 \u0394\u03b9\u03b5\u03cd\u03b8\u03c5\u03bd\u03c3\u03b7 \u0395\u03c0\u03b1\u03c1\u03c7\u03af\u03b1\u03c2 Palencia (\u0399\u03c3\u03c0\u03b1\u03bd\u03af\u03b1) \u0391\u03bd\u03b1\u03b3\u03bd\u03c9\u03c1\u03b9\u03c3\u03c4\u03b9\u03ba\u03cc \u0388\u03c1\u03b3\u03bf\u03c5 2016-1-ES01-KA201-025378 \u0397\u03bc\u03b5\u03c1\u03bf\u03bc\u03b7\u03bd\u03af\u03b1 \u0388\u03bd\u03b1\u03c1\u03be\u03b7\u03c2 3 \u039f\u03ba\u03c4\u03c9\u03b2\u03c1\u03af\u03bf\u03c5 2016 \u0397\u03bc\u03b5\u03c1\u03bf\u03bc\u03b7\u03bd\u03af\u03b1 \u039b\u03ae\u03be\u03b7\u03c2 2 \u039f\u03ba\u03c4\u03c9\u03b2\u03c1\u03af\u03bf\u03c5 2018 \u0395\u03c4\u03b1\u03af\u03c1\u03bf\u03b9 ADESPER &#8211; Agrupaci\u00f3n para el Desarrollo Sostenible y la Promoci\u00f3n del Empleo Rural (ES),\u0391\u03b9\u03b3\u03ad\u03b1\u03c2 \u0395\u03ba\u03c0\u03b1\u03b9\u03b4\u03b5\u03c5\u03c4\u03b9\u03ba\u03ae (EL),Agroinstitut Nitra, statny podnik (SK),CoraNE &#8211; [&hellip;]<\/p>\n","protected":false},"author":1,"featured_media":0,"parent":0,"menu_order":0,"comment_status":"closed","ping_status":"closed","template":"","meta":{"site-sidebar-layout":"no-sidebar","site-content-layout":"page-builder","ast-site-content-layout":"default","site-content-style":"default","site-sidebar-style":"default","ast-global-header-display":"","ast-banner-title-visibility":"","ast-main-header-display":"","ast-hfb-above-header-display":"","ast-hfb-below-header-display":"","ast-hfb-mobile-header-display":"","site-post-title":"disabled","ast-breadcrumbs-content":"disabled","ast-featured-img":"disabled","footer-sml-layout":"","ast-disable-related-posts":"","theme-transparent-header-meta":"enabled","adv-header-id-meta":"","stick-header-meta":"","header-above-stick-meta":"","header-main-stick-meta":"","header-below-stick-meta":"","astra-migrate-meta-layouts":"default","ast-page-background-enabled":"default","ast-page-background-meta":{"desktop":{"background-color":"var(--ast-global-color-4)","background-image":"","background-repeat":"repeat","background-position":"center center","background-size":"auto","background-attachment":"scroll","background-type":"","background-media":"","overlay-type":"","overlay-color":"","overlay-opacity":"","overlay-gradient":""},"tablet":{"background-color":"","background-image":"","background-repeat":"repeat","background-position":"center center","background-size":"auto","background-attachment":"scroll","background-type":"","background-media":"","overlay-type":"","overlay-color":"","overlay-opacity":"","overlay-gradient":""},"mobile":{"background-color":"","background-image":"","background-repeat":"repeat","background-position":"center center","background-size":"auto","background-attachment":"scroll","background-type":"","background-media":"","overlay-type":"","overlay-color":"","overlay-opacity":"","overlay-gradient":""}},"ast-content-background-meta":{"desktop":{"background-color":"var(--ast-global-color-5)","background-image":"","background-repeat":"repeat","background-position":"center center","background-size":"auto","background-attachment":"scroll","background-type":"","background-media":"","overlay-type":"","overlay-color":"","overlay-opacity":"","overlay-gradient":""},"tablet":{"background-color":"var(--ast-global-color-5)","background-image":"","background-repeat":"repeat","background-position":"center center","background-size":"auto","background-attachment":"scroll","background-type":"","background-media":"","overlay-type":"","overlay-color":"","overlay-opacity":"","overlay-gradient":""},"mobile":{"background-color":"var(--ast-global-color-5)","background-image":"","background-repeat":"repeat","background-position":"center center","background-size":"auto","background-attachment":"scroll","background-type":"","background-media":"","overlay-type":"","overlay-color":"","overlay-opacity":"","overlay-gradient":""}},"footnotes":""},"class_list":["post-2396","page","type-page","status-publish","hentry"],"_links":{"self":[{"href":"https:\/\/aegeas.edu.gr\/en\/wp-json\/wp\/v2\/pages\/2396","targetHints":{"allow":["GET"]}}],"collection":[{"href":"https:\/\/aegeas.edu.gr\/en\/wp-json\/wp\/v2\/pages"}],"about":[{"href":"https:\/\/aegeas.edu.gr\/en\/wp-json\/wp\/v2\/types\/page"}],"author":[{"embeddable":true,"href":"https:\/\/aegeas.edu.gr\/en\/wp-json\/wp\/v2\/users\/1"}],"replies":[{"embeddable":true,"href":"https:\/\/aegeas.edu.gr\/en\/wp-json\/wp\/v2\/comments?post=2396"}],"version-history":[{"count":18,"href":"https:\/\/aegeas.edu.gr\/en\/wp-json\/wp\/v2\/pages\/2396\/revisions"}],"predecessor-version":[{"id":3958,"href":"https:\/\/aegeas.edu.gr\/en\/wp-json\/wp\/v2\/pages\/2396\/revisions\/3958"}],"wp:attachment":[{"href":"https:\/\/aegeas.edu.gr\/en\/wp-json\/wp\/v2\/media?parent=2396"}],"curies":[{"name":"wp","href":"https:\/\/api.w.org\/{rel}","templated":true}]}}